{"id":5369,"date":"2013-12-27T17:24:17","date_gmt":"2013-12-27T08:24:17","guid":{"rendered":"https:\/\/www.ken-yamamoto.com\/"},"modified":"2019-04-26T18:29:45","modified_gmt":"2019-04-26T09:29:45","slug":"dvd","status":"publish","type":"page","link":"https:\/\/www.ken-yamamoto.com\/?page_id=5369&amp;lang=de","title":{"rendered":"DVD"},"content":{"rendered":"<section>\n<div class=\"divBd\">\n\t<a target=\"_blank\" href=\"https:\/\/www.ken-yamamoto.com\/level1-2\/index.html\" class=\"dvd\"><br \/>\n\t\t<img decoding=\"async\" src=\"https:\/\/www.ken-yamamoto.com\/wp-content\/themes\/LT20131211\/common\/img\/bnr_Larger1_de.png\"><\/p>\n<h2 class=\"sp\">DVD Level 1+2<\/h2>\n<p>Hier lernen sie die komplette Ken Yamamoto Technik, die weltweit an Top Athleten therapiert wird.<br \/>\nKY-Technik DVD Level 1+2  kaufen<\/p>\n<p>\t\t<b>Mehr Infos\u2026<\/b><br \/>\n\t<\/a><br \/>\n\t<a target=\"_blank\" href=\"https:\/\/ken-yamamoto.com\/level3\/index.html\" class=\"dvd\"><br \/>\n\t\t<img decoding=\"async\" src=\"https:\/\/www.ken-yamamoto.com\/wp-content\/themes\/LT20131211\/common\/img\/bnr_Larger2_de.png\"><\/p>\n<h2 class=\"sp\">DVD Level 3<\/h2>\n<p>Eine ganz neue Therapiemethode , bei der die Beschwerden nicht direkt an der Schmerzquelle behandelt werden.<br \/>\nHier lernen Sie das ganze Therapiegeheimnis, die Sie immer verwenden k\u00f6nnen.<\/p>\n<p>\t\t<b>Mehr Infos\u2026<\/b><br \/>\n\t<\/a><br \/>\n\t<a target=\"_blank\" href=\"https:\/\/ken-yamamoto.com\/level4\/index.html\" class=\"dvd\"><br \/>\n\t\t<img decoding=\"async\" src=\"https:\/\/www.ken-yamamoto.com\/wp-content\/uploads\/2014\/04\/bnr_Larger3.png\"><\/p>\n<h2 class=\"sp\">DVD Level 4<\/h2>\n<p>Verfahren dieser Zeit nach der Ver\u00f6ffentlichung der ersten Ausgabe an Dritte Ausgabe, entwickelt wurde, hat die Technik, um auf das neue Men\u00fc der Selbstbehandlung angewendet werden, wie sie ist ver\u00f6ffentlicht.<\/p>\n<p>\t\t<b>Mehr Infos\u2026<\/b><br \/>\n\t<\/a>\n<\/div>\n<\/section>\n","protected":false},"excerpt":{"rendered":"<p>DVD Level 1+2 Hier lernen sie die komplette Ken Yamamoto Technik, die weltweit an Top Athleten therapiert wird. KY-Technik DVD Level 1+2 kaufen Mehr Infos\u2026 DVD Level 3 Eine ganz neue Therapiemethode , bei der die Beschwerden nicht direkt an der Schmerzquelle behandelt werden. Hier lernen Sie das ganze Therapiegeheimnis, die Sie immer verwenden k\u00f6nnen. Mehr Infos\u2026 DVD Level 4 Verfahren dieser Zeit nach der Ver\u00f6ffentlichung der ersten Ausgabe an Dritte Ausgabe, entwickelt wurde, hat die Technik, um auf das neue Men\u00fc der Selbstbehandlung angewendet werden, wie sie ist ver\u00f6ffentlicht. Mehr Infos\u2026<\/p>\n","protected":false},"author":1,"featured_media":0,"parent":0,"menu_order":0,"comment_status":"open","ping_status":"open","template":"","meta":{"footnotes":""},"_links":{"self":[{"href":"https:\/\/www.ken-yamamoto.com\/index.php?rest_route=\/wp\/v2\/pages\/5369"}],"collection":[{"href":"https:\/\/www.ken-yamamoto.com\/index.php?rest_route=\/wp\/v2\/pages"}],"about":[{"href":"https:\/\/www.ken-yamamoto.com\/index.php?rest_route=\/wp\/v2\/types\/page"}],"author":[{"embeddable":true,"href":"https:\/\/www.ken-yamamoto.com\/index.php?rest_route=\/wp\/v2\/users\/1"}],"replies":[{"embeddable":true,"href":"https:\/\/www.ken-yamamoto.com\/index.php?rest_route=%2Fwp%2Fv2%2Fcomments&post=5369"}],"version-history":[{"count":37,"href":"https:\/\/www.ken-yamamoto.com\/index.php?rest_route=\/wp\/v2\/pages\/5369\/revisions"}],"predecessor-version":[{"id":12160,"href":"https:\/\/www.ken-yamamoto.com\/index.php?rest_route=\/wp\/v2\/pages\/5369\/revisions\/12160"}],"wp:attachment":[{"href":"https:\/\/www.ken-yamamoto.com\/index.php?rest_route=%2Fwp%2Fv2%2Fmedia&parent=5369"}],"curies":[{"name":"wp","href":"https:\/\/api.w.org\/{rel}","templated":true}]}}